{"id":2768,"date":"2024-03-15T19:31:18","date_gmt":"2024-03-15T19:31:18","guid":{"rendered":"https:\/\/congresgestiosanitaria.com\/programa\/"},"modified":"2026-04-10T14:37:13","modified_gmt":"2026-04-10T14:37:13","slug":"programa","status":"publish","type":"page","link":"https:\/\/congresgestiosanitaria.com\/es\/programa\/","title":{"rendered":"Programa"},"content":{"rendered":"\n<h2 class=\"wp-block-heading\">Programa<\/h2>\n\n\n\n<div style=\"height:40px\" aria-hidden=\"true\" class=\"wp-block-spacer\"><\/div>\n\n\n\n<p>El programa tendr\u00e1 seis \u00e1reas tem\u00e1ticas que se desarrollar\u00e1n en sesiones paralelas de debate y presentaci\u00f3n de experiencias.<\/p>\n\n\n\n<div style=\"height:40px\" aria-hidden=\"true\" class=\"wp-block-spacer\"><\/div>\n\n\n<style>.kt-accordion-id2768_97863c-8c .kt-accordion-inner-wrap{column-gap:var(--global-kb-gap-md, 2rem);row-gap:10px;}.kt-accordion-id2768_97863c-8c .kt-accordion-panel-inner{border-top:0px solid transparent;border-right:0px solid transparent;border-bottom:0px solid transparent;border-left:0px solid transparent;background:#ffffff;padding-top:var(--global-kb-spacing-sm, 1.5rem);padding-right:var(--global-kb-spacing-sm, 1.5rem);padding-bottom:var(--global-kb-spacing-sm, 1.5rem);padding-left:var(--global-kb-spacing-sm, 1.5rem);}.kt-accordion-id2768_97863c-8c > .kt-accordion-inner-wrap > .wp-block-kadence-pane > .kt-accordion-header-wrap > .kt-blocks-accordion-header{border-top:0px solid #f2f2f2;border-right:0px solid #f2f2f2;border-bottom:0px solid #f2f2f2;border-left:0px solid #f2f2f2;border-top-left-radius:6px;border-top-right-radius:6px;border-bottom-right-radius:6px;border-bottom-left-radius:6px;background:#b996ce;color:#003c4f;padding-top:14px;padding-right:16px;padding-bottom:14px;padding-left:16px;}.kt-accordion-id2768_97863c-8c:not( .kt-accodion-icon-style-basiccircle ):not( .kt-accodion-icon-style-xclosecircle ):not( .kt-accodion-icon-style-arrowcircle )  > .kt-accordion-inner-wrap > .wp-block-kadence-pane > .kt-accordion-header-wrap .kt-blocks-accordion-icon-trigger:after, .kt-accordion-id2768_97863c-8c:not( .kt-accodion-icon-style-basiccircle ):not( .kt-accodion-icon-style-xclosecircle ):not( .kt-accodion-icon-style-arrowcircle )  > .kt-accordion-inner-wrap > .wp-block-kadence-pane > .kt-accordion-header-wrap .kt-blocks-accordion-icon-trigger:before{background:#003c4f;}.kt-accordion-id2768_97863c-8c:not( .kt-accodion-icon-style-basic ):not( .kt-accodion-icon-style-xclose ):not( .kt-accodion-icon-style-arrow ) .kt-blocks-accordion-icon-trigger{background:#003c4f;}.kt-accordion-id2768_97863c-8c:not( .kt-accodion-icon-style-basic ):not( .kt-accodion-icon-style-xclose ):not( .kt-accodion-icon-style-arrow ) .kt-blocks-accordion-icon-trigger:after, .kt-accordion-id2768_97863c-8c:not( .kt-accodion-icon-style-basic ):not( .kt-accodion-icon-style-xclose ):not( .kt-accodion-icon-style-arrow ) .kt-blocks-accordion-icon-trigger:before{background:#b996ce;}.kt-accordion-id2768_97863c-8c > .kt-accordion-inner-wrap > .wp-block-kadence-pane > .kt-accordion-header-wrap > .kt-blocks-accordion-header:hover, \n\t\t\t\tbody:not(.hide-focus-outline) .kt-accordion-id2768_97863c-8c .kt-blocks-accordion-header:focus-visible{color:#003c4f;background:#b996ce;border-top-color:#eeeeee;border-top-style:solid;border-right-color:#eeeeee;border-right-style:solid;border-bottom-color:#eeeeee;border-bottom-style:solid;border-left-color:#eeeeee;border-left-style:solid;}.kt-accordion-id2768_97863c-8c:not( .kt-accodion-icon-style-basiccircle ):not( .kt-accodion-icon-style-xclosecircle ):not( .kt-accodion-icon-style-arrowcircle ) .kt-accordion-header-wrap .kt-blocks-accordion-header:hover .kt-blocks-accordion-icon-trigger:after, .kt-accordion-id2768_97863c-8c:not( .kt-accodion-icon-style-basiccircle ):not( .kt-accodion-icon-style-xclosecircle ):not( .kt-accodion-icon-style-arrowcircle ) .kt-accordion-header-wrap .kt-blocks-accordion-header:hover .kt-blocks-accordion-icon-trigger:before, body:not(.hide-focus-outline) .kt-accordion-id2768_97863c-8c:not( .kt-accodion-icon-style-basiccircle ):not( .kt-accodion-icon-style-xclosecircle ):not( .kt-accodion-icon-style-arrowcircle ) .kt-blocks-accordion--visible .kt-blocks-accordion-icon-trigger:after, body:not(.hide-focus-outline) .kt-accordion-id2768_97863c-8c:not( .kt-accodion-icon-style-basiccircle ):not( .kt-accodion-icon-style-xclosecircle ):not( .kt-accodion-icon-style-arrowcircle ) .kt-blocks-accordion-header:focus-visible .kt-blocks-accordion-icon-trigger:before{background:#003c4f;}.kt-accordion-id2768_97863c-8c:not( .kt-accodion-icon-style-basic ):not( .kt-accodion-icon-style-xclose ):not( .kt-accodion-icon-style-arrow ) .kt-accordion-header-wrap .kt-blocks-accordion-header:hover .kt-blocks-accordion-icon-trigger, body:not(.hide-focus-outline) .kt-accordion-id2768_97863c-8c:not( .kt-accodion-icon-style-basic ):not( .kt-accodion-icon-style-xclose ):not( .kt-accodion-icon-style-arrow ) .kt-accordion-header-wrap .kt-blocks-accordion-header:focus-visible .kt-blocks-accordion-icon-trigger{background:#003c4f;}.kt-accordion-id2768_97863c-8c:not( .kt-accodion-icon-style-basic ):not( .kt-accodion-icon-style-xclose ):not( .kt-accodion-icon-style-arrow ) .kt-accordion-header-wrap .kt-blocks-accordion-header:hover .kt-blocks-accordion-icon-trigger:after, .kt-accordion-id2768_97863c-8c:not( .kt-accodion-icon-style-basic ):not( .kt-accodion-icon-style-xclose ):not( .kt-accodion-icon-style-arrow ) .kt-accordion-header-wrap .kt-blocks-accordion-header:hover .kt-blocks-accordion-icon-trigger:before, body:not(.hide-focus-outline) .kt-accordion-id2768_97863c-8c:not( .kt-accodion-icon-style-basic ):not( .kt-accodion-icon-style-xclose ):not( .kt-accodion-icon-style-arrow ) .kt-accordion-header-wrap .kt-blocks-accordion-header:focus-visible .kt-blocks-accordion-icon-trigger:after, body:not(.hide-focus-outline) .kt-accordion-id2768_97863c-8c:not( .kt-accodion-icon-style-basic ):not( .kt-accodion-icon-style-xclose ):not( .kt-accodion-icon-style-arrow ) .kt-accordion-header-wrap .kt-blocks-accordion-header:focus-visible .kt-blocks-accordion-icon-trigger:before{background:#b996ce;}.kt-accordion-id2768_97863c-8c .kt-accordion-header-wrap .kt-blocks-accordion-header:focus-visible,\n\t\t\t\t.kt-accordion-id2768_97863c-8c > .kt-accordion-inner-wrap > .wp-block-kadence-pane > .kt-accordion-header-wrap > .kt-blocks-accordion-header.kt-accordion-panel-active{color:#003c4f;background:#b996ce;border-top-color:#BE530B;border-top-style:solid;border-right-color:#BE530B;border-right-style:solid;border-bottom-color:#BE530B;border-bottom-style:solid;border-left-color:#BE530B;border-left-style:solid;}.kt-accordion-id2768_97863c-8c:not( .kt-accodion-icon-style-basiccircle ):not( .kt-accodion-icon-style-xclosecircle ):not( .kt-accodion-icon-style-arrowcircle )  > .kt-accordion-inner-wrap > .wp-block-kadence-pane > .kt-accordion-header-wrap > .kt-blocks-accordion-header.kt-accordion-panel-active .kt-blocks-accordion-icon-trigger:after, .kt-accordion-id2768_97863c-8c:not( .kt-accodion-icon-style-basiccircle ):not( .kt-accodion-icon-style-xclosecircle ):not( .kt-accodion-icon-style-arrowcircle )  > .kt-accordion-inner-wrap > .wp-block-kadence-pane > .kt-accordion-header-wrap > .kt-blocks-accordion-header.kt-accordion-panel-active .kt-blocks-accordion-icon-trigger:before{background:#003c4f;}.kt-accordion-id2768_97863c-8c:not( .kt-accodion-icon-style-basic ):not( .kt-accodion-icon-style-xclose ):not( .kt-accodion-icon-style-arrow ) .kt-blocks-accordion-header.kt-accordion-panel-active .kt-blocks-accordion-icon-trigger{background:#003c4f;}.kt-accordion-id2768_97863c-8c:not( .kt-accodion-icon-style-basic ):not( .kt-accodion-icon-style-xclose ):not( .kt-accodion-icon-style-arrow ) .kt-blocks-accordion-header.kt-accordion-panel-active .kt-blocks-accordion-icon-trigger:after, .kt-accordion-id2768_97863c-8c:not( .kt-accodion-icon-style-basic ):not( .kt-accodion-icon-style-xclose ):not( .kt-accodion-icon-style-arrow ) .kt-blocks-accordion-header.kt-accordion-panel-active .kt-blocks-accordion-icon-trigger:before{background:#b996ce;}@media all and (max-width: 1024px){.kt-accordion-id2768_97863c-8c .kt-accordion-panel-inner{border-top:0px solid transparent;border-right:0px solid transparent;border-bottom:0px solid transparent;border-left:0px solid transparent;}}@media all and (max-width: 1024px){.kt-accordion-id2768_97863c-8c > .kt-accordion-inner-wrap > .wp-block-kadence-pane > .kt-accordion-header-wrap > .kt-blocks-accordion-header{border-top:0px solid #f2f2f2;border-right:0px solid #f2f2f2;border-bottom:0px solid #f2f2f2;border-left:0px solid #f2f2f2;}}@media all and (max-width: 1024px){.kt-accordion-id2768_97863c-8c > .kt-accordion-inner-wrap > .wp-block-kadence-pane > .kt-accordion-header-wrap > .kt-blocks-accordion-header:hover, \n\t\t\t\tbody:not(.hide-focus-outline) .kt-accordion-id2768_97863c-8c .kt-blocks-accordion-header:focus-visible{border-top-color:#eeeeee;border-top-style:solid;border-right-color:#eeeeee;border-right-style:solid;border-bottom-color:#eeeeee;border-bottom-style:solid;border-left-color:#eeeeee;border-left-style:solid;}}@media all and (max-width: 1024px){.kt-accordion-id2768_97863c-8c .kt-accordion-header-wrap .kt-blocks-accordion-header:focus-visible,\n\t\t\t\t.kt-accordion-id2768_97863c-8c > .kt-accordion-inner-wrap > .wp-block-kadence-pane > .kt-accordion-header-wrap > .kt-blocks-accordion-header.kt-accordion-panel-active{border-top-color:#BE530B;border-top-style:solid;border-right-color:#BE530B;border-right-style:solid;border-bottom-color:#BE530B;border-bottom-style:solid;border-left-color:#BE530B;border-left-style:solid;}}@media all and (max-width: 767px){.kt-accordion-id2768_97863c-8c .kt-accordion-inner-wrap{display:block;}.kt-accordion-id2768_97863c-8c .kt-accordion-inner-wrap .kt-accordion-pane:not(:first-child){margin-top:10px;}.kt-accordion-id2768_97863c-8c .kt-accordion-panel-inner{border-top:0px solid transparent;border-right:0px solid transparent;border-bottom:0px solid transparent;border-left:0px solid transparent;}.kt-accordion-id2768_97863c-8c > .kt-accordion-inner-wrap > .wp-block-kadence-pane > .kt-accordion-header-wrap > .kt-blocks-accordion-header{border-top:0px solid #f2f2f2;border-right:0px solid #f2f2f2;border-bottom:0px solid #f2f2f2;border-left:0px solid #f2f2f2;}.kt-accordion-id2768_97863c-8c > .kt-accordion-inner-wrap > .wp-block-kadence-pane > .kt-accordion-header-wrap > .kt-blocks-accordion-header:hover, \n\t\t\t\tbody:not(.hide-focus-outline) .kt-accordion-id2768_97863c-8c .kt-blocks-accordion-header:focus-visible{border-top-color:#eeeeee;border-top-style:solid;border-right-color:#eeeeee;border-right-style:solid;border-bottom-color:#eeeeee;border-bottom-style:solid;border-left-color:#eeeeee;border-left-style:solid;}.kt-accordion-id2768_97863c-8c .kt-accordion-header-wrap .kt-blocks-accordion-header:focus-visible,\n\t\t\t\t.kt-accordion-id2768_97863c-8c > .kt-accordion-inner-wrap > .wp-block-kadence-pane > .kt-accordion-header-wrap > .kt-blocks-accordion-header.kt-accordion-panel-active{border-top-color:#BE530B;border-top-style:solid;border-right-color:#BE530B;border-right-style:solid;border-bottom-color:#BE530B;border-bottom-style:solid;border-left-color:#BE530B;border-left-style:solid;}}<\/style>\n<div class=\"wp-block-kadence-accordion alignnone\"><div class=\"kt-accordion-wrap kt-accordion-id2768_97863c-8c kt-accordion-has-2-panes kt-active-pane-0 kt-accordion-block kt-pane-header-alignment-left kt-accodion-icon-style-arrow kt-accodion-icon-side-right\" style=\"max-width:none\"><div class=\"kt-accordion-inner-wrap\" data-allow-multiple-open=\"false\" data-start-open=\"none\">\n<div class=\"wp-block-kadence-pane kt-accordion-pane kt-accordion-pane-1 kt-pane2768_800c1f-b9\"><div class=\"kt-accordion-header-wrap\"><button class=\"kt-blocks-accordion-header kt-acccordion-button-label-show\" type=\"button\"><span class=\"kt-blocks-accordion-title-wrap\"><span class=\"kt-blocks-accordion-title\">\u00c1REAS TEM\u00c1TICAS<\/span><\/span><span class=\"kt-blocks-accordion-icon-trigger\"><\/span><\/button><\/div><div class=\"kt-accordion-panel kt-accordion-panel-hidden\"><div class=\"kt-accordion-panel-inner\">\n<p class=\"has-text-color has-link-color wp-elements-bffd6f64bcab7ee1530b3cb88ee52753\" style=\"color:#b996ce\"><strong>Mesa 1<\/strong><\/p>\n\n\n\n<p><strong><strong>La necesaria transformaci\u00f3n del modelo: la longitudinalidad, la atenci\u00f3n primaria y la continuidad asistencial<\/strong>.<\/strong><br>Se entiende por longitudinalidad la relaci\u00f3n estable y mantenida en el tiempo entre el profesional y la persona atendida en cualquier tipo de dispositivo asistencial. La continuidad asistencial es la visi\u00f3n continua y compartida de la atenci\u00f3n, en la cual intervienen m\u00faltiples profesionales de diversos \u00e1mbitos de trabajo, que act\u00faan coordinados con el objetivo de garantizar la calidad asistencial que se ofrece a la ciudadan\u00eda. Las barreras y los facilitadores para la transformaci\u00f3n hacia un modelo que priorice los tres aspectos ser\u00e1 el objeto de este \u00e1mbito, que tomar\u00e1 de ejemplo casos de \u00e9xito de otros pa\u00edses de nuestro entorno.<\/p>\n\n\n\n<div style=\"height:15px\" aria-hidden=\"true\" class=\"wp-block-spacer\"><\/div>\n\n\n\n<p class=\"has-text-color has-link-color wp-elements-62f23bd666b031ebd5c1ebdd625e67fb\" style=\"color:#b996ce\"><strong>Mesa 2<\/strong><\/p>\n\n\n\n<p><strong><strong>La evaluaci\u00f3n sanitaria basada en valor. Mejorando resultados de salud y la experiencia del paciente.<\/strong> <\/strong><br>En los \u00faltimos a\u00f1os ha adquirido fuerza el concepto de atenci\u00f3n sanitaria basada en valor. En este \u00e1mbito queremos dar un paso adelante y abrir la mirada hacia la evaluaci\u00f3n sanitaria basada en valor, entendida como la priorizaci\u00f3n del an\u00e1lisis de procesos transversales, la evaluaci\u00f3n de los resultados de salud, la extensi\u00f3n de buenas pr\u00e1cticas y la incorporaci\u00f3n de la visi\u00f3n de la experiencia del paciente.<\/p>\n\n\n\n<div style=\"height:15px\" aria-hidden=\"true\" class=\"wp-block-spacer\"><\/div>\n\n\n\n<p class=\"has-text-color has-link-color wp-elements-cfdffea348c73968d1372fcadc3991ce\" style=\"color:#b996ce\"><strong>Mesa 3<\/strong><\/p>\n\n\n\n<p><strong><strong>El liderazgo de personas y el compromiso profesional.<\/strong><\/strong><br>Se ha demostrado que el compromiso es uno de los aspectos clave para el \u00e9xito de las organizaciones sanitarias, que se asocia al bienestar de los profesionales y contribuye, de manera positiva, a las finalidades de la instituci\u00f3n y a la buena atenci\u00f3n de las personas atendidas. Especialmente relevante es abordar este aspecto en un contexto de cambio generacional de los profesionales, con nuevos valores y maneras de entender su vinculaci\u00f3n con las instituciones.<\/p>\n\n\n\n<div style=\"height:15px\" aria-hidden=\"true\" class=\"wp-block-spacer\"><\/div>\n\n\n\n<p class=\"has-text-color has-link-color wp-elements-fdf177425922aad2f4a4b61f2b89952f\" style=\"color:#b996ce\"><strong>Mesa 4<\/strong><\/p>\n\n\n\n<p><strong><strong>La digitalizaci\u00f3n de les organizaciones y la inteligencia artificial al servicio de la gesti\u00f3n.<\/strong> <\/strong><br>El sector sanitario ha sido pionero en la aplicaci\u00f3n de las TIC para transformar las organizaciones, pero a\u00fan hay margen en la extensi\u00f3n y generalizaci\u00f3n de proyectos valiosos y tecnolog\u00edas disruptivas en la salud. En este \u00e1mbito se analizar\u00e1n cu\u00e1les son las tendencias de transformaci\u00f3n digital en las organizaciones a nivel nacional e internacional, haciendo especial \u00e9nfasis en los big data, el uso de la inteligencia artificial y la ciberseguridad.<\/p>\n\n\n\n<div style=\"height:15px\" aria-hidden=\"true\" class=\"wp-block-spacer\"><\/div>\n\n\n\n<p class=\"has-text-color has-link-color wp-elements-ad83d4318c9f2725f09a89923c30d3fa\" style=\"color:#b996ce\"><strong>Mesa 5<\/strong><\/p>\n\n\n\n<p><strong><strong>La renovaci\u00f3n tecnol\u00f3gica y la sostenibilidad medioambiental.&nbsp;<\/strong><\/strong><br>Actualmente, el sistema necesita revisar las infraestructuras y los equipamientos tecnol\u00f3gicos con una visi\u00f3n de futuro que incorpore la perspectiva de la sostenibilidad. En este \u00e1mbito se debatir\u00e1 la aportaci\u00f3n de valor que esta renovaci\u00f3n ofrece a las organizaciones, al sistema de salud y tambi\u00e9n a la ciudadan\u00eda, en un contexto en el cual se impone velar por la sostenibilidad medioambiental.<\/p>\n\n\n\n<div style=\"height:15px\" aria-hidden=\"true\" class=\"wp-block-spacer\"><\/div>\n\n\n\n<p class=\"has-text-color has-link-color wp-elements-f33c2bb29645b0c08dc33b2a76eaf4e4\" style=\"color:#b996ce\"><strong>Mesa 6<\/strong><\/p>\n\n\n\n<p><strong><strong>La gobernanza del sistema y de las organizaciones sanitarias.<\/strong><\/strong><br><\/p>\n\n\n\n<p>Sabemos que la buena gobernanza es un factor de \u00e9xito de los procesos de cambio en las organizaciones sanitarias. En este \u00e1mbito se abordar\u00e1 el papel de los \u00f3rganos de gobierno de las instituciones en la definici\u00f3n de la estrategia y los valores, as\u00ed como la gobernanza a nivel de sistema sanitario y su impacto en la concepci\u00f3n del modelo y el funcionamiento del sistema.<\/p>\n\n\n\n<p><br><\/p>\n<\/div><\/div><\/div>\n<\/div><\/div><\/div>\n","protected":false},"excerpt":{"rendered":"<p>Programa El programa tendr\u00e1 seis \u00e1reas tem\u00e1ticas que se desarrollar\u00e1n en sesiones paralelas de debate y presentaci\u00f3n de experiencias.<\/p>\n","protected":false},"author":2,"featured_media":0,"parent":0,"menu_order":0,"comment_status":"closed","ping_status":"closed","template":"template\/full-width-jamgo.php","meta":{"_acf_changed":false,"inline_featured_image":false,"footnotes":""},"class_list":["post-2768","page","type-page","status-publish","hentry"],"acf":[],"_links":{"self":[{"href":"https:\/\/congresgestiosanitaria.com\/es\/wp-json\/wp\/v2\/pages\/2768","targetHints":{"allow":["GET"]}}],"collection":[{"href":"https:\/\/congresgestiosanitaria.com\/es\/wp-json\/wp\/v2\/pages"}],"about":[{"href":"https:\/\/congresgestiosanitaria.com\/es\/wp-json\/wp\/v2\/types\/page"}],"author":[{"embeddable":true,"href":"https:\/\/congresgestiosanitaria.com\/es\/wp-json\/wp\/v2\/users\/2"}],"replies":[{"embeddable":true,"href":"https:\/\/congresgestiosanitaria.com\/es\/wp-json\/wp\/v2\/comments?post=2768"}],"version-history":[{"count":66,"href":"https:\/\/congresgestiosanitaria.com\/es\/wp-json\/wp\/v2\/pages\/2768\/revisions"}],"predecessor-version":[{"id":4235,"href":"https:\/\/congresgestiosanitaria.com\/es\/wp-json\/wp\/v2\/pages\/2768\/revisions\/4235"}],"wp:attachment":[{"href":"https:\/\/congresgestiosanitaria.com\/es\/wp-json\/wp\/v2\/media?parent=2768"}],"curies":[{"name":"wp","href":"https:\/\/api.w.org\/{rel}","templated":true}]}}