{"id":2697,"date":"2024-03-15T13:36:49","date_gmt":"2024-03-15T13:36:49","guid":{"rendered":"https:\/\/congresgestiosanitaria.com\/inscripcions\/"},"modified":"2026-04-10T14:41:13","modified_gmt":"2026-04-10T14:41:13","slug":"inscripcions","status":"publish","type":"page","link":"https:\/\/congresgestiosanitaria.com\/es\/inscripcions\/","title":{"rendered":"Inscripcions"},"content":{"rendered":"\n<h2 class=\"wp-block-heading\">Inscripciones <\/h2>\n\n\n\n<p><strong>Inscripciones cerradas por l\u00edmite de aforo <\/strong><\/p>\n\n\n\n<div style=\"height:48px\" aria-hidden=\"true\" class=\"wp-block-spacer\"><\/div>\n\n\n<table style=\"height: 227px;\" width=\"494\">\n<tbody>\n<tr>\n<td>\n<div>\n<p class=\"s6\"><strong>Cuotas de inscripciones<\/strong><\/p>\n<\/div>\n<\/td>\n<td>\n<div>\n<p class=\"s6\"><strong><span class=\"s7\">Hasta el 04\/10\/24<\/span><\/strong><\/p>\n<\/div>\n<\/td>\n<td>\n<div>\n<p class=\"s6\"><strong><span class=\"s7\">Des del 05\/10\/24<\/span><\/strong><\/p>\n<\/div>\n<\/td>\n<\/tr>\n<tr>\n<td>\n<div>\n<p class=\"s6\"><span class=\"s7\">Socio<\/span><\/p>\n<\/div>\n<\/td>\n<td>\n<div>\n<p class=\"s6\"><span class=\"s7\">275\u20ac<\/span><\/p>\n<\/div>\n<\/td>\n<td>\n<div>\n<p class=\"s6\"><span class=\"s7\">375\u20ac<\/span><\/p>\n<\/div>\n<\/td>\n<\/tr>\n<tr>\n<td>\n<div>\n<p class=\"s6\"><span class=\"s7\">No socio<\/span><\/p>\n<\/div>\n<\/td>\n<td>\n<div>\n<p class=\"s6\"><span class=\"s7\">450\u20ac<\/span><\/p>\n<\/div>\n<\/td>\n<td>\n<div>\n<p class=\"s6\"><span class=\"s7\">550\u20ac<\/span><\/p>\n<\/div>\n<\/td>\n<\/tr>\n<tr>\n<td>\n<h6 class=\"s10\" style=\"text-align: left;\">Precio con IVA incluido<\/h6>\n<\/td>\n<td>\u00a0<\/td>\n<td>\u00a0<\/td>\n<\/tr>\n<\/tbody>\n<\/table>\n\n\n<div class=\"wp-block-columns is-layout-flex wp-container-core-columns-is-layout-9d6595d7 wp-block-columns-is-layout-flex\">\n<div class=\"wp-block-column is-vertically-aligned-center is-layout-flow wp-block-column-is-layout-flow\">\n<div class=\"wp-block-buttons is-vertical is-content-justification-right is-layout-flex wp-container-core-buttons-is-layout-07decfea wp-block-buttons-is-layout-flex\">\n<div class=\"wp-block-button is-style-outline is-style-outline--1\"><a class=\"wp-block-button__link has-text-color has-link-color has-text-align-center wp-element-button\" href=\"https:\/\/amex.eventszone.net\/myCongress\/form.php?thisFormCongress=ccgcs24&amp;thisFormLanguage=es\" style=\"border-radius:15px;color:#b996ce\" target=\"_blank\" rel=\"noreferrer noopener\">INSCR\u00cdBETE AQU\u00cd<\/a><\/div>\n<\/div>\n<\/div>\n<\/div>\n\n\n\n<div style=\"height:53px\" aria-hidden=\"true\" class=\"wp-block-spacer\"><\/div>\n\n\n\n<p><strong>\u00bfQu\u00e9 incluye la cuota?<\/strong><\/p>\n\n\n\n<ul class=\"wp-block-list\">\n<li>Acceso a todas las sesiones cient\u00edficas de jueves y viernes.<\/li>\n\n\n\n<li>Comida del jueves en el vest\u00edbulo del auditorio.<\/li>\n\n\n\n<li>Acreditaci\u00f3n de acceso y bolsa de congresista.<\/li>\n<\/ul>\n\n\n\n<p><strong>Procedimiento y normativa<\/strong><\/p>\n\n\n\n<ul class=\"wp-block-list\">\n<li>Las inscripciones \u00fanicamente se podr\u00e1n gestionar a trav\u00e9s de la p\u00e1gina web del congreso&nbsp;<strong>hasta el d\u00eda<\/strong>&nbsp;<strong>06  de noviembre de 2024<\/strong>.<\/li>\n\n\n\n<li>La organizaci\u00f3n se reserva el derecho a limitar el n\u00famero de inscritos para salvaguardar el aforo requerido de los espacios<\/li>\n<\/ul>\n\n\n\n<p><strong>Consulta precios de paquetes de inscripciones para organizaciones sanitarias. Contrataci\u00f3n con cuota reducida hasta el 04 de octubre<\/strong><\/p>\n\n\n\n<p><strong>Contacta &#8211; &nbsp;<\/strong><strong><a href=\"mailto:congresgestiosanitaria@amexgbt.com\">congresgestiosanitaria@amexgbt.com<\/a><\/strong><\/p>\n\n\n\n<div style=\"height:100px\" aria-hidden=\"true\" class=\"wp-block-spacer\"><\/div>\n\n\n<style>.kt-tabs-id2697_90cdeb-8e > .kt-tabs-content-wrap > .wp-block-kadence-tab{border-top:3px solid #003c4f;border-right:0px solid #003c4f;border-bottom:0px solid #003c4f;border-left:0px solid #003c4f;border-top-left-radius:0px;border-top-right-radius:0px;border-bottom-right-radius:0px;border-bottom-left-radius:0px;padding-top:var(--global-kb-spacing-sm, 1.5rem);padding-right:var(--global-kb-spacing-sm, 1.5rem);padding-bottom:var(--global-kb-spacing-sm, 1.5rem);padding-left:var(--global-kb-spacing-sm, 1.5rem);background:var(--global-palette9, #ffffff);}.wp-block-kadence-tabs .kt-tabs-id2697_90cdeb-8e > .kt-tabs-title-list li{margin-top:0px;margin-right:8px;margin-bottom:0px;margin-left:0px;}.wp-block-kadence-tabs .kt-tabs-id2697_90cdeb-8e > .kt-tabs-title-list li:last-child{margin-right:0px;}.wp-block-kadence-tabs .kt-tabs-id2697_90cdeb-8e > .kt-tabs-title-list li .kt-tab-title, .wp-block-kadence-tabs .kt-tabs-id2697_90cdeb-8e > .kt-tabs-content-wrap > .kt-tabs-accordion-title .kt-tab-title{line-height:1.4em;font-weight:regular;font-style:normal;border-top-width:0px;border-right-width:0px;border-bottom-width:0px;border-left-width:0px;border-top-left-radius:4px;border-top-right-radius:4px;border-bottom-right-radius:0px;border-bottom-left-radius:0px;padding-top:8px;padding-right:20px;padding-bottom:8px;padding-left:20px;border-color:var(--global-palette7, #eeeeee);color:#003c4f;background:#b996ce;}.wp-block-kadence-tabs .kt-tabs-id2697_90cdeb-8e > .kt-tabs-content-wrap > .kt-tabs-accordion-title .kt-tab-title{margin-top:0px;margin-right:8px;margin-bottom:0px;margin-left:0px;}.wp-block-kadence-tabs .kt-tabs-id2697_90cdeb-8e > .kt-tabs-title-list li .kt-tab-title:hover, .wp-block-kadence-tabs .kt-tabs-id2697_90cdeb-8e > .kt-tabs-content-wrap > .kt-tabs-accordion-title .kt-tab-title:hover{border-color:var(--global-palette7, #eeeeee);color:var(--global-palette3, #1A202C);background:var(--global-palette8, #F7FAFC);}.wp-block-kadence-tabs .kt-tabs-id2697_90cdeb-8e > .kt-tabs-title-list li.kt-tab-title-active .kt-tab-title, .wp-block-kadence-tabs .kt-tabs-id2697_90cdeb-8e > .kt-tabs-content-wrap > .kt-tabs-accordion-title.kt-tab-title-active .kt-tab-title{border-color:var(--global-palette7, #eeeeee);color:#ffffff;background:#003c4f;}@media all and (max-width: 1024px){.kt-tabs-id2697_90cdeb-8e > .kt-tabs-content-wrap > .wp-block-kadence-tab{border-top:3px solid #003c4f;border-right:0px solid #003c4f;border-bottom:0px solid #003c4f;border-left:0px solid #003c4f;}}@media all and (max-width: 767px){.kt-tabs-id2697_90cdeb-8e > .kt-tabs-content-wrap > .wp-block-kadence-tab{border-top:3px solid #003c4f;border-right:0px solid #003c4f;border-bottom:0px solid #003c4f;border-left:0px solid #003c4f;}}<\/style>\n<div class=\"wp-block-kadence-tabs alignnone\"><div class=\"kt-tabs-wrap kt-tabs-id2697_90cdeb-8e kt-tabs-has-3-tabs kt-active-tab-1 kt-tabs-layout-tabs kt-tabs-tablet-layout-inherit kt-tabs-mobile-layout-inherit kt-tab-alignment-left \"><ul class=\"kt-tabs-title-list\"><li id=\"tab-strongmtodosdepagostrong\" class=\"kt-title-item kt-title-item-1 kt-tabs-svg-show-always kt-tabs-icon-side-right kt-tab-title-active\"><a href=\"#tab-strongmtodosdepagostrong\" data-tab=\"1\" class=\"kt-tab-title kt-tab-title-1 \"><span class=\"kt-title-text\"><strong>M\u00e9todos de pago<\/strong><\/span><\/a><\/li><li id=\"tab-strongpolticadecancelacionesycambiosstrong\" class=\"kt-title-item kt-title-item-2 kt-tabs-svg-show-always kt-tabs-icon-side-right kt-tab-title-inactive\"><a href=\"#tab-strongpolticadecancelacionesycambiosstrong\" data-tab=\"2\" class=\"kt-tab-title kt-tab-title-2 \"><span class=\"kt-title-text\"><strong>Pol\u00edtica de cancelaciones y cambios<\/strong><\/span><\/a><\/li><li id=\"tab-stronghaztesociodelasociedadcatalanadegestinsanitariastrong\" class=\"kt-title-item kt-title-item-3 kt-tabs-svg-show-always kt-tabs-icon-side-right kt-tab-title-inactive\"><a href=\"#tab-stronghaztesociodelasociedadcatalanadegestinsanitariastrong\" data-tab=\"3\" class=\"kt-tab-title kt-tab-title-3 \"><span class=\"kt-title-text\"><strong>Hazte socio de la Sociedad Catalana de Gesti\u00f3n Sanitaria<\/strong><\/span><\/a><\/li><\/ul><div class=\"kt-tabs-content-wrap\">\n<div class=\"wp-block-kadence-tab kt-tab-inner-content kt-inner-tab-1 kt-inner-tabb69efb-bc\"><div class=\"kt-tab-inner-content-inner\">\n<p><\/p>\n\n\n\n<p>Targeta de cr\u00e9dito<\/p>\n\n\n\n<ul class=\"wp-block-list\">\n<li>Al escoger esta forma de pago, al finalizar el formulario se os redirigir\u00e1 a una p\u00e1gina del banco con seguridad habilitada.<\/li>\n\n\n\n<li>Se aceptan pagos con Visa, Mastercard y American Express.<\/li>\n<\/ul>\n\n\n\n<p>Transferencia bancaria<\/p>\n\n\n\n<ul class=\"wp-block-list\">\n<li>Al escoger esta forma de pago recibir\u00e9is la informaci\u00f3n necesaria de nuestros datos bancarios para efectuar el pago correspondiente.<\/li>\n\n\n\n<li>N\u00famero de cuenta bancaria&nbsp;IBAN ES4501 8248 9919 0200 725949<\/li>\n\n\n\n<li>Es imprescindible enviar por correo electr\u00f3nico una copia del justificante de la transferencia a la secretar\u00eda del congreso a la direcci\u00f3n congresgestiosanitaria@amexgbt.com para poder dar como confirmada la inscripci\u00f3n.&nbsp;<\/li>\n\n\n\n<li>Os rogamos que no olvid\u00e9is incluir en el campo de observaciones del justificante bancario los datos referentes al c\u00f3digo de confirmaci\u00f3n, que previamente habr\u00e9is recibido por correo.&nbsp;<\/li>\n\n\n\n<li>AVISO IMPORTANTE: En caso de no recibir el justificante en un m\u00e1ximo de 5 d\u00edas despu\u00e9s de la gesti\u00f3n en l\u00ednea de vuestra inscripci\u00f3n, no se garantiza el tr\u00e1mite. La forma de pago por transferencia bancaria estar\u00e1 habilitada hasta el d\u00eda 10 de noviembre de 2024.<\/li>\n<\/ul>\n<\/div><\/div>\n\n\n\n<div class=\"wp-block-kadence-tab kt-tab-inner-content kt-inner-tab-2 kt-inner-taba10c50-97\"><div class=\"kt-tab-inner-content-inner\">\n<p><\/p>\n\n\n\n<ul class=\"wp-block-list\">\n<li><strong>Cancelaciones permitidas hasta el 25 de septiembre de 2024<\/strong>: se reembolsar\u00e1 el importe de la inscripci\u00f3n, a excepci\u00f3n del cargo administrativo de 50&nbsp;\u20ac.<\/li>\n\n\n\n<li><strong>Cancelaciones a partir del 25 de septiembre de 2024<\/strong>: tendr\u00e1n el 100&nbsp;% de gastos. No se reembolsar\u00e1 el importe de la inscripci\u00f3n.<\/li>\n\n\n\n<li>No presentaciones: tendr\u00e1n el 100&nbsp;% de gastos. No se reembolsar\u00e1 el importe de la inscripci\u00f3n.<\/li>\n\n\n\n<li><strong>Cambios de nombre<\/strong>: se permiten hasta el&nbsp;<strong>25 de octubre de 2024<\/strong>&nbsp;solicit\u00e1ndolo por escrito&nbsp; a la secretar\u00eda t\u00e9cnica. Tendr\u00e1n un cargo extra de 50 eur de penalizaci\u00f3n por cargo administrativo.&nbsp;<\/li>\n\n\n\n<li>S\u00f3lo se permitir\u00e1n modificaciones de nombre&nbsp; y apellidos&nbsp; del asistente, siempre que la cuota&nbsp; sea la misma&nbsp; o de importe superior. No se realizar\u00e1n cambios de modalidad que comporten reembolso econ\u00f3mico.<\/li>\n\n\n\n<li>Prohibidos los cambios de nombres y apellidos de inscritos a partir del 25 de octubre 2024.<\/li>\n\n\n\n<li>Una vez gestionada la inscripci\u00f3n online, no se aceptar\u00e1n cambios en el tipo de inscripci\u00f3n\/cuota ya registrada.&nbsp;<\/li>\n\n\n\n<li>S\u00f3lo se permitir\u00e1n cambios y cancelaciones por escrito v\u00eda correo electr\u00f3nico &#8211;<a href=\"mailto:congresgestiosanitaria@amexgbt.com\">congresgestiosanitaria@amexgbt.com<\/a><\/li>\n<\/ul>\n<\/div><\/div>\n\n\n\n<div class=\"wp-block-kadence-tab kt-tab-inner-content kt-inner-tab-3 kt-inner-taba07f3b-89\"><div class=\"kt-tab-inner-content-inner\">\n<p><\/p>\n\n\n\n<p>Ser miembro de la Sociedad Catalana de Gesti\u00f3n de la Salud le permite acceder a los descuentos para el registro del II Congreso Catal\u00e1n de Gesti\u00f3n Cl\u00ednica y de Salud, pero tambi\u00e9n participar durante todo el a\u00f1o y de forma gratuita en actividades, proyectos, grupos trabajan y reuniones. que se organizan sobre gesti\u00f3n cl\u00ednica y directiva.&nbsp;<\/p>\n\n\n\n<div style=\"height:23px\" aria-hidden=\"true\" class=\"wp-block-spacer\"><\/div>\n\n\n\n<p>\u00a1S\u00famate a la Sociedad Catalana de Gesti\u00f3n Sanitaria!&nbsp;<\/p>\n\n\n\n<div class=\"wp-block-buttons is-content-justification-center is-layout-flex wp-container-core-buttons-is-layout-16018d1d wp-block-buttons-is-layout-flex\">\n<div class=\"wp-block-button is-style-outline is-style-outline--2\"><a class=\"wp-block-button__link has-text-color has-link-color wp-element-button\" href=\"https:\/\/scgs.cat\/es\/hacerse-socio\/\" style=\"border-radius:15px;color:#b996ce\" target=\"_blank\" rel=\"noreferrer noopener\">HACERSE SOCIO<\/a><\/div>\n<\/div>\n<\/div><\/div>\n<\/div><\/div><\/div>\n\n\n\n<div style=\"height:53px\" aria-hidden=\"true\" class=\"wp-block-spacer\"><\/div>\n","protected":false},"excerpt":{"rendered":"<p>Inscripciones Inscripciones cerradas por l\u00edmite de aforo Cuotas de inscripciones Hasta el 04\/10\/24 Des del 05\/10\/24 Socio 275\u20ac 375\u20ac No socio 450\u20ac 550\u20ac Precio con IVA incluido \u00a0 \u00a0 \u00bfQu\u00e9 incluye la cuota? Procedimiento y normativa Consulta precios de paquetes de inscripciones para organizaciones sanitarias. Contrataci\u00f3n con cuota reducida hasta el 04 de octubre Contacta [&hellip;]<\/p>\n","protected":false},"author":2,"featured_media":0,"parent":0,"menu_order":0,"comment_status":"closed","ping_status":"closed","template":"template\/full-width-jamgo.php","meta":{"_acf_changed":false,"inline_featured_image":false,"footnotes":""},"class_list":["post-2697","page","type-page","status-publish","hentry"],"acf":[],"_links":{"self":[{"href":"https:\/\/congresgestiosanitaria.com\/es\/wp-json\/wp\/v2\/pages\/2697","targetHints":{"allow":["GET"]}}],"collection":[{"href":"https:\/\/congresgestiosanitaria.com\/es\/wp-json\/wp\/v2\/pages"}],"about":[{"href":"https:\/\/congresgestiosanitaria.com\/es\/wp-json\/wp\/v2\/types\/page"}],"author":[{"embeddable":true,"href":"https:\/\/congresgestiosanitaria.com\/es\/wp-json\/wp\/v2\/users\/2"}],"replies":[{"embeddable":true,"href":"https:\/\/congresgestiosanitaria.com\/es\/wp-json\/wp\/v2\/comments?post=2697"}],"version-history":[{"count":15,"href":"https:\/\/congresgestiosanitaria.com\/es\/wp-json\/wp\/v2\/pages\/2697\/revisions"}],"predecessor-version":[{"id":4238,"href":"https:\/\/congresgestiosanitaria.com\/es\/wp-json\/wp\/v2\/pages\/2697\/revisions\/4238"}],"wp:attachment":[{"href":"https:\/\/congresgestiosanitaria.com\/es\/wp-json\/wp\/v2\/media?parent=2697"}],"curies":[{"name":"wp","href":"https:\/\/api.w.org\/{rel}","templated":true}]}}