{"id":2680,"date":"2024-03-13T11:13:56","date_gmt":"2024-03-13T11:13:56","guid":{"rendered":"https:\/\/congresgestiosanitaria.com\/hotel-melia-sitges\/"},"modified":"2026-04-10T14:43:51","modified_gmt":"2026-04-10T14:43:51","slug":"hotel-melia-sitges","status":"publish","type":"page","link":"https:\/\/congresgestiosanitaria.com\/es\/hotel-melia-sitges\/","title":{"rendered":"Hotel Meli\u00e1 Sitges"},"content":{"rendered":"\n<h2 class=\"wp-block-heading\">Hotel Meli\u00e1 Sitges<\/h2>\n\n\n\n<div style=\"height:50px\" aria-hidden=\"true\" class=\"wp-block-spacer\"><\/div>\n\n\n\n<div class=\"wp-block-columns is-layout-flex wp-container-core-columns-is-layout-9d6595d7 wp-block-columns-is-layout-flex\">\n<div class=\"wp-block-column is-layout-flow wp-block-column-is-layout-flow\" style=\"flex-basis:66.66%\">\n<p>El Hotel Meli\u00e1 Sitges est\u00e1 ubicado&nbsp;en el puerto deportivo de Aiguadol\u00e7 de Sitges y al lado de su oferta de ocio y restauraci\u00f3n, est\u00e1 situado junto a las playas de La Marina y Balmins y solo a 10 minutos del precioso centro hist\u00f3rico del municipio.<\/p>\n\n\n\n<p>Entre sus magn\u00edficas instalaciones y excelentes servicios, destacan un centro de congresos y convenciones de 4.500 metros cuadrados con un auditorio de 1.384 plazas, e instalaciones polivalentes para organizar un congreso a medida.<\/p>\n\n\n\n<div style=\"height:29px\" aria-hidden=\"true\" class=\"wp-block-spacer\"><\/div>\n\n\n\n<h3 class=\"wp-block-heading\">Alojamiento<\/h3>\n\n\n\n<p>\u00bfQuieres alojarte en el mismo hotel en el que se celebrar\u00e1 el congreso para tu m\u00e1xima comodidad?<\/p>\n\n\n\n<p>Puedes gestionar la reserva de tu habitaci\u00f3n en el Hotel Meli\u00e1 Sitges, en el mismo espacio en el que se llevar\u00e1n a cabo todas las actividades de este evento y con todos los servicios a tu alcance.<\/p>\n<\/div>\n\n\n\n<div class=\"wp-block-column is-layout-flow wp-block-column-is-layout-flow\" style=\"flex-basis:33.33%\">\n<figure class=\"wp-block-image size-full\"><img loading=\"lazy\" decoding=\"async\" width=\"1024\" height=\"683\" src=\"https:\/\/congresgestiosanitaria.com\/wp-content\/uploads\/2024\/04\/hotel2.jpg\" alt=\"\" class=\"wp-image-2862\" srcset=\"https:\/\/congresgestiosanitaria.com\/wp-content\/uploads\/2024\/04\/hotel2.jpg 1024w, https:\/\/congresgestiosanitaria.com\/wp-content\/uploads\/2024\/04\/hotel2-300x200.jpg 300w, https:\/\/congresgestiosanitaria.com\/wp-content\/uploads\/2024\/04\/hotel2-768x512.jpg 768w\" sizes=\"auto, (max-width: 1024px) 100vw, 1024px\" \/><\/figure>\n\n\n\n<figure class=\"wp-block-table\"><table><tbody><tr><td><strong>HOTEL MELI\u00c1 SITGES<br><\/strong>C\/ Joan Salvat Papasseit, 39<br>08870 Sitges (Barcelona)<\/td><\/tr><\/tbody><\/table><\/figure>\n<\/div>\n<\/div>\n\n\n\n<div class=\"wp-block-buttons is-layout-flex wp-block-buttons-is-layout-flex\">\n<div class=\"wp-block-button is-style-outline is-style-outline--1\"><a class=\"wp-block-button__link has-text-color has-link-color wp-element-button\" href=\"https:\/\/sites.melia.com\/es\/events\/melia-sitges\/GESTIO-SANITARIA-NOVIEMBRE-2024.html?author=true\" style=\"border-radius:15px;color:#b996ce\" target=\"_blank\" rel=\"noreferrer noopener\">RESERVA HABITACI\u00d3N<\/a><\/div>\n<\/div>\n","protected":false},"excerpt":{"rendered":"<p>Hotel Meli\u00e1 Sitges El Hotel Meli\u00e1 Sitges est\u00e1 ubicado&nbsp;en el puerto deportivo de Aiguadol\u00e7 de Sitges y al lado de su oferta de ocio y restauraci\u00f3n, est\u00e1 situado junto a las playas de La Marina y Balmins y solo a 10 minutos del precioso centro hist\u00f3rico del municipio. Entre sus magn\u00edficas instalaciones y excelentes servicios, [&hellip;]<\/p>\n","protected":false},"author":2,"featured_media":0,"parent":0,"menu_order":0,"comment_status":"closed","ping_status":"closed","template":"template\/full-width-jamgo.php","meta":{"_acf_changed":false,"inline_featured_image":false,"footnotes":""},"class_list":["post-2680","page","type-page","status-publish","hentry"],"acf":[],"_links":{"self":[{"href":"https:\/\/congresgestiosanitaria.com\/es\/wp-json\/wp\/v2\/pages\/2680","targetHints":{"allow":["GET"]}}],"collection":[{"href":"https:\/\/congresgestiosanitaria.com\/es\/wp-json\/wp\/v2\/pages"}],"about":[{"href":"https:\/\/congresgestiosanitaria.com\/es\/wp-json\/wp\/v2\/types\/page"}],"author":[{"embeddable":true,"href":"https:\/\/congresgestiosanitaria.com\/es\/wp-json\/wp\/v2\/users\/2"}],"replies":[{"embeddable":true,"href":"https:\/\/congresgestiosanitaria.com\/es\/wp-json\/wp\/v2\/comments?post=2680"}],"version-history":[{"count":16,"href":"https:\/\/congresgestiosanitaria.com\/es\/wp-json\/wp\/v2\/pages\/2680\/revisions"}],"predecessor-version":[{"id":4242,"href":"https:\/\/congresgestiosanitaria.com\/es\/wp-json\/wp\/v2\/pages\/2680\/revisions\/4242"}],"wp:attachment":[{"href":"https:\/\/congresgestiosanitaria.com\/es\/wp-json\/wp\/v2\/media?parent=2680"}],"curies":[{"name":"wp","href":"https:\/\/api.w.org\/{rel}","templated":true}]}}